{"id":644,"date":"2024-11-12T17:36:50","date_gmt":"2024-11-12T16:36:50","guid":{"rendered":"https:\/\/www.form-solutions.fr\/?page_id=644"},"modified":"2024-11-12T17:50:36","modified_gmt":"2024-11-12T16:50:36","slug":"formulaire-de-contact-erwan-guillou","status":"publish","type":"page","link":"https:\/\/www.form-solutions.fr\/index.php\/formulaire-de-contact-erwan-guillou\/","title":{"rendered":"Formulaire de contact"},"content":{"rendered":"<div class=\"wpforms-container wpforms-container-full wpforms-block wpforms-block-588ed65d-4004-43d8-b06d-86b80d35fde7 wpforms-render-modern\" id=\"wpforms-642\"><form id=\"wpforms-form-642\" class=\"wpforms-validate wpforms-form wpforms-ajax-form\" data-formid=\"642\" method=\"post\" enctype=\"multipart\/form-data\" action=\"\/index.php\/wp-json\/wp\/v2\/pages\/644\" data-token=\"01d5e3faa2c2d116b0acee4b59c8bf44\" data-token-time=\"1778071278\"><noscript class=\"wpforms-error-noscript\">Veuillez activer JavaScript dans votre navigateur pour remplir ce formulaire.<\/noscript><div id=\"wpforms-error-noscript\" style=\"display: none;\">Veuillez activer JavaScript dans votre navigateur pour remplir ce formulaire.<\/div><div class=\"wpforms-field-container\"><div id=\"wpforms-642-field_1-container\" class=\"wpforms-field wpforms-field-name\" data-field-id=\"1\"><fieldset><legend class=\"wpforms-field-label\">Nom <span class=\"wpforms-required-label\" aria-hidden=\"true\">*<\/span><\/legend><div class=\"wpforms-field-row wpforms-field-medium\"><div class=\"wpforms-field-row-block wpforms-first wpforms-one-half\"><input type=\"text\" id=\"wpforms-642-field_1\" class=\"wpforms-field-name-first wpforms-field-required\" name=\"wpforms[fields][1][first]\" aria-errormessage=\"wpforms-642-field_1-error\" required><label for=\"wpforms-642-field_1\" class=\"wpforms-field-sublabel after\">Pr\u00e9nom<\/label><\/div><div class=\"wpforms-field-row-block wpforms-one-half\"><input type=\"text\" id=\"wpforms-642-field_1-last\" class=\"wpforms-field-name-last wpforms-field-required\" name=\"wpforms[fields][1][last]\" aria-errormessage=\"wpforms-642-field_1-last-error\" required><label for=\"wpforms-642-field_1-last\" class=\"wpforms-field-sublabel after\">Nom<\/label><\/div><\/div><\/fieldset><\/div><div id=\"wpforms-642-field_2-container\" class=\"wpforms-field wpforms-field-email\" data-field-id=\"2\"><label class=\"wpforms-field-label\" for=\"wpforms-642-field_2\">E-mail <span class=\"wpforms-required-label\" aria-hidden=\"true\">*<\/span><\/label><input type=\"email\" id=\"wpforms-642-field_2\" class=\"wpforms-field-medium wpforms-field-required\" name=\"wpforms[fields][2]\" spellcheck=\"false\" aria-errormessage=\"wpforms-642-field_2-error\" required><\/div>\t\t<div id=\"wpforms-642-field_4-container\"\n\t\t\tclass=\"wpforms-field wpforms-field-text\"\n\t\t\tdata-field-type=\"text\"\n\t\t\tdata-field-id=\"4\"\n\t\t\t>\n\t\t\t<label class=\"wpforms-field-label\" for=\"wpforms-642-field_4\" >vous Nom probl\u00e8me.<\/label>\n\t\t\t<input type=\"text\" id=\"wpforms-642-field_4\" class=\"wpforms-field-medium\" name=\"wpforms[fields][4]\" >\n\t\t<\/div>\n\t\t<div id=\"wpforms-642-field_3-container\" class=\"wpforms-field wpforms-field-textarea\" data-field-id=\"3\"><label class=\"wpforms-field-label\" for=\"wpforms-642-field_3\">D\u00e9crivez moi en quelques mots vos attentes ou votre probl\u00e8me. Je reviendrai vers vous rapidement.<\/label><textarea id=\"wpforms-642-field_3\" class=\"wpforms-field-medium\" name=\"wpforms[fields][3]\" aria-errormessage=\"wpforms-642-field_3-error\" ><\/textarea><\/div><script>\n\t\t\t\t( function() {\n\t\t\t\t\tconst style = document.createElement( 'style' );\n\t\t\t\t\tstyle.appendChild( document.createTextNode( '#wpforms-642-field_4-container { position: absolute !important; overflow: hidden !important; display: inline !important; height: 1px !important; width: 1px !important; z-index: -1000 !important; padding: 0 !important; } #wpforms-642-field_4-container input { visibility: hidden; } #wpforms-conversational-form-page #wpforms-642-field_4-container label { counter-increment: none; }' ) );\n\t\t\t\t\tdocument.head.appendChild( style );\n\t\t\t\t\tdocument.currentScript?.remove();\n\t\t\t\t} )();\n\t\t\t<\/script><\/div><!-- .wpforms-field-container --><div class=\"wpforms-submit-container\" ><input type=\"hidden\" name=\"wpforms[id]\" value=\"642\"><input type=\"hidden\" name=\"page_title\" value=\"\"><input type=\"hidden\" name=\"page_url\" value=\"https:\/\/www.form-solutions.fr\/index.php\/wp-json\/wp\/v2\/pages\/644\"><input type=\"hidden\" name=\"url_referer\" value=\"\"><button type=\"submit\" name=\"wpforms[submit]\" id=\"wpforms-submit-642\" class=\"wpforms-submit\" data-alt-text=\"Envoi...\" data-submit-text=\"Envoyer\" aria-live=\"assertive\" value=\"wpforms-submit\">Envoyer<\/button><img decoding=\"async\" src=\"https:\/\/www.form-solutions.fr\/wp-content\/plugins\/wpforms-lite\/assets\/images\/submit-spin.svg\" class=\"wpforms-submit-spinner\" style=\"display: none;\" width=\"26\" height=\"26\" alt=\"Chargement en cours\"><\/div><\/form><\/div>  <!-- .wpforms-container -->\n\n\n<p><\/p>\n","protected":false},"excerpt":{"rendered":"","protected":false},"author":1,"featured_media":0,"parent":0,"menu_order":0,"comment_status":"closed","ping_status":"closed","template":"","meta":{"site-sidebar-layout":"default","site-content-layout":"","ast-site-content-layout":"default","site-content-style":"default","site-sidebar-style":"default","ast-global-header-display":"","ast-banner-title-visibility":"","ast-main-header-display":"","ast-hfb-above-header-display":"","ast-hfb-below-header-display":"","ast-hfb-mobile-header-display":"","site-post-title":"","ast-breadcrumbs-content":"","ast-featured-img":"","footer-sml-layout":"","theme-transparent-header-meta":"","adv-header-id-meta":"","stick-header-meta":"","header-above-stick-meta":"","header-main-stick-meta":"","header-below-stick-meta":"","astra-migrate-meta-layouts":"default","ast-page-background-enabled":"default","ast-page-background-meta":{"desktop":{"background-color":"var(--ast-global-color-4)","background-image":"","background-repeat":"repeat","background-position":"center center","background-size":"auto","background-attachment":"scroll","background-type":"","background-media":"","overlay-type":"","overlay-color":"","overlay-opacity":"","overlay-gradient":""},"tablet":{"background-color":"","background-image":"","background-repeat":"repeat","background-position":"center center","background-size":"auto","background-attachment":"scroll","background-type":"","background-media":"","overlay-type":"","overlay-color":"","overlay-opacity":"","overlay-gradient":""},"mobile":{"background-color":"","background-image":"","background-repeat":"repeat","background-position":"center center","background-size":"auto","background-attachment":"scroll","background-type":"","background-media":"","overlay-type":"","overlay-color":"","overlay-opacity":"","overlay-gradient":""}},"ast-content-background-meta":{"desktop":{"background-color":"var(--ast-global-color-5)","background-image":"","background-repeat":"repeat","background-position":"center center","background-size":"auto","background-attachment":"scroll","background-type":"","background-media":"","overlay-type":"","overlay-color":"","overlay-opacity":"","overlay-gradient":""},"tablet":{"background-color":"var(--ast-global-color-5)","background-image":"","background-repeat":"repeat","background-position":"center center","background-size":"auto","background-attachment":"scroll","background-type":"","background-media":"","overlay-type":"","overlay-color":"","overlay-opacity":"","overlay-gradient":""},"mobile":{"background-color":"var(--ast-global-color-5)","background-image":"","background-repeat":"repeat","background-position":"center center","background-size":"auto","background-attachment":"scroll","background-type":"","background-media":"","overlay-type":"","overlay-color":"","overlay-opacity":"","overlay-gradient":""}},"footnotes":""},"class_list":["post-644","page","type-page","status-publish","hentry"],"yoast_head":"<!-- This site is optimized with the Yoast SEO plugin v26.8 - https:\/\/yoast.com\/product\/yoast-seo-wordpress\/ -->\n<title>Formulaire de contact - Erwan Guillou<\/title>\n<meta name=\"description\" content=\"Veuillez remplir ce formulaire de contact et je reviendrai rapidement vers vous. N&#039;h\u00e9sitez pas \u00e0 me laisser vos coordonn\u00e9es.\" \/>\n<meta name=\"robots\" content=\"index, follow, max-snippet:-1, max-image-preview:large, max-video-preview:-1\" \/>\n<link rel=\"canonical\" href=\"https:\/\/www.form-solutions.fr\/index.php\/formulaire-de-contact-erwan-guillou\/\" \/>\n<meta property=\"og:locale\" content=\"fr_FR\" \/>\n<meta property=\"og:type\" content=\"article\" \/>\n<meta property=\"og:title\" content=\"Formulaire de contact - Erwan Guillou\" \/>\n<meta property=\"og:description\" content=\"Veuillez remplir ce formulaire de contact et je reviendrai rapidement vers vous. N&#039;h\u00e9sitez pas \u00e0 me laisser vos coordonn\u00e9es.\" \/>\n<meta property=\"og:url\" content=\"https:\/\/www.form-solutions.fr\/index.php\/formulaire-de-contact-erwan-guillou\/\" \/>\n<meta property=\"og:site_name\" content=\"Erwan Guillou\" \/>\n<meta property=\"article:modified_time\" content=\"2024-11-12T16:50:36+00:00\" \/>\n<meta name=\"twitter:card\" content=\"summary_large_image\" \/>\n<script type=\"application\/ld+json\" class=\"yoast-schema-graph\">{\"@context\":\"https:\/\/schema.org\",\"@graph\":[{\"@type\":\"WebPage\",\"@id\":\"https:\/\/www.form-solutions.fr\/index.php\/formulaire-de-contact-erwan-guillou\/\",\"url\":\"https:\/\/www.form-solutions.fr\/index.php\/formulaire-de-contact-erwan-guillou\/\",\"name\":\"Formulaire de contact - Erwan Guillou\",\"isPartOf\":{\"@id\":\"https:\/\/www.form-solutions.fr\/#website\"},\"datePublished\":\"2024-11-12T16:36:50+00:00\",\"dateModified\":\"2024-11-12T16:50:36+00:00\",\"description\":\"Veuillez remplir ce formulaire de contact et je reviendrai rapidement vers vous. N'h\u00e9sitez pas \u00e0 me laisser vos coordonn\u00e9es.\",\"breadcrumb\":{\"@id\":\"https:\/\/www.form-solutions.fr\/index.php\/formulaire-de-contact-erwan-guillou\/#breadcrumb\"},\"inLanguage\":\"fr-FR\",\"potentialAction\":[{\"@type\":\"ReadAction\",\"target\":[\"https:\/\/www.form-solutions.fr\/index.php\/formulaire-de-contact-erwan-guillou\/\"]}]},{\"@type\":\"BreadcrumbList\",\"@id\":\"https:\/\/www.form-solutions.fr\/index.php\/formulaire-de-contact-erwan-guillou\/#breadcrumb\",\"itemListElement\":[{\"@type\":\"ListItem\",\"position\":1,\"name\":\"Accueil\",\"item\":\"https:\/\/www.form-solutions.fr\/\"},{\"@type\":\"ListItem\",\"position\":2,\"name\":\"Formulaire de contact\"}]},{\"@type\":\"WebSite\",\"@id\":\"https:\/\/www.form-solutions.fr\/#website\",\"url\":\"https:\/\/www.form-solutions.fr\/\",\"name\":\"Erwan Guillou\",\"description\":\"La gestion sans complexit\u00e9\",\"potentialAction\":[{\"@type\":\"SearchAction\",\"target\":{\"@type\":\"EntryPoint\",\"urlTemplate\":\"https:\/\/www.form-solutions.fr\/?s={search_term_string}\"},\"query-input\":{\"@type\":\"PropertyValueSpecification\",\"valueRequired\":true,\"valueName\":\"search_term_string\"}}],\"inLanguage\":\"fr-FR\"}]}<\/script>\n<!-- \/ Yoast SEO plugin. -->","yoast_head_json":{"title":"Formulaire de contact - Erwan Guillou","description":"Veuillez remplir ce formulaire de contact et je reviendrai rapidement vers vous. N'h\u00e9sitez pas \u00e0 me laisser vos coordonn\u00e9es.","robots":{"index":"index","follow":"follow","max-snippet":"max-snippet:-1","max-image-preview":"max-image-preview:large","max-video-preview":"max-video-preview:-1"},"canonical":"https:\/\/www.form-solutions.fr\/index.php\/formulaire-de-contact-erwan-guillou\/","og_locale":"fr_FR","og_type":"article","og_title":"Formulaire de contact - Erwan Guillou","og_description":"Veuillez remplir ce formulaire de contact et je reviendrai rapidement vers vous. N'h\u00e9sitez pas \u00e0 me laisser vos coordonn\u00e9es.","og_url":"https:\/\/www.form-solutions.fr\/index.php\/formulaire-de-contact-erwan-guillou\/","og_site_name":"Erwan Guillou","article_modified_time":"2024-11-12T16:50:36+00:00","twitter_card":"summary_large_image","schema":{"@context":"https:\/\/schema.org","@graph":[{"@type":"WebPage","@id":"https:\/\/www.form-solutions.fr\/index.php\/formulaire-de-contact-erwan-guillou\/","url":"https:\/\/www.form-solutions.fr\/index.php\/formulaire-de-contact-erwan-guillou\/","name":"Formulaire de contact - Erwan Guillou","isPartOf":{"@id":"https:\/\/www.form-solutions.fr\/#website"},"datePublished":"2024-11-12T16:36:50+00:00","dateModified":"2024-11-12T16:50:36+00:00","description":"Veuillez remplir ce formulaire de contact et je reviendrai rapidement vers vous. N'h\u00e9sitez pas \u00e0 me laisser vos coordonn\u00e9es.","breadcrumb":{"@id":"https:\/\/www.form-solutions.fr\/index.php\/formulaire-de-contact-erwan-guillou\/#breadcrumb"},"inLanguage":"fr-FR","potentialAction":[{"@type":"ReadAction","target":["https:\/\/www.form-solutions.fr\/index.php\/formulaire-de-contact-erwan-guillou\/"]}]},{"@type":"BreadcrumbList","@id":"https:\/\/www.form-solutions.fr\/index.php\/formulaire-de-contact-erwan-guillou\/#breadcrumb","itemListElement":[{"@type":"ListItem","position":1,"name":"Accueil","item":"https:\/\/www.form-solutions.fr\/"},{"@type":"ListItem","position":2,"name":"Formulaire de contact"}]},{"@type":"WebSite","@id":"https:\/\/www.form-solutions.fr\/#website","url":"https:\/\/www.form-solutions.fr\/","name":"Erwan Guillou","description":"La gestion sans complexit\u00e9","potentialAction":[{"@type":"SearchAction","target":{"@type":"EntryPoint","urlTemplate":"https:\/\/www.form-solutions.fr\/?s={search_term_string}"},"query-input":{"@type":"PropertyValueSpecification","valueRequired":true,"valueName":"search_term_string"}}],"inLanguage":"fr-FR"}]}},"_links":{"self":[{"href":"https:\/\/www.form-solutions.fr\/index.php\/wp-json\/wp\/v2\/pages\/644","targetHints":{"allow":["GET"]}}],"collection":[{"href":"https:\/\/www.form-solutions.fr\/index.php\/wp-json\/wp\/v2\/pages"}],"about":[{"href":"https:\/\/www.form-solutions.fr\/index.php\/wp-json\/wp\/v2\/types\/page"}],"author":[{"embeddable":true,"href":"https:\/\/www.form-solutions.fr\/index.php\/wp-json\/wp\/v2\/users\/1"}],"replies":[{"embeddable":true,"href":"https:\/\/www.form-solutions.fr\/index.php\/wp-json\/wp\/v2\/comments?post=644"}],"version-history":[{"count":2,"href":"https:\/\/www.form-solutions.fr\/index.php\/wp-json\/wp\/v2\/pages\/644\/revisions"}],"predecessor-version":[{"id":651,"href":"https:\/\/www.form-solutions.fr\/index.php\/wp-json\/wp\/v2\/pages\/644\/revisions\/651"}],"wp:attachment":[{"href":"https:\/\/www.form-solutions.fr\/index.php\/wp-json\/wp\/v2\/media?parent=644"}],"curies":[{"name":"wp","href":"https:\/\/api.w.org\/{rel}","templated":true}]}}